{"id":9,"date":"2026-03-11T20:17:18","date_gmt":"2026-03-11T20:17:18","guid":{"rendered":"https:\/\/carport.daniel-mauer.de\/?page_id=9"},"modified":"2026-03-11T20:29:33","modified_gmt":"2026-03-11T20:29:33","slug":"demo-carport","status":"publish","type":"page","link":"https:\/\/carport.daniel-mauer.de\/?page_id=9","title":{"rendered":"demo carport"},"content":{"rendered":"\n        <div class=\"kp-app\" data-kp-id=\"8\">\n            <div class=\"kp-layout\">\n                <div class=\"kp-left\">\n                    <div class=\"kp-steps\"><\/div>\n                <\/div>\n\n                <div class=\"kp-right\">\n                    <div class=\"kp-viewer\">\n                        <div class=\"kp-viewer-canvas\" role=\"img\" aria-label=\"3D Ansicht\"><\/div>\n                        <div class=\"kp-viewer-overlay\">\n                            <div class=\"kp-viewer-title\"><\/div>\n                            <div class=\"kp-viewer-hint\">Drag: drehen \u00b7 Scroll: zoom \u00b7 Rechtsklick: schwenken<\/div>\n                        <\/div>\n                    <\/div>\n\n                    <div class=\"kp-summary\">\n                        <div class=\"kp-summary-row\">\n                            <div class=\"kp-summary-label\">Zwischensumme<\/div>\n                            <div class=\"kp-summary-value\" data-kp-subtotal>\u2013<\/div>\n                        <\/div>\n                        <div class=\"kp-summary-row\">\n                            <div class=\"kp-summary-label\">Gesamt<\/div>\n                            <div class=\"kp-summary-value kp-total\" data-kp-total>\u2013<\/div>\n                        <\/div>\n                        <button class=\"kp-btn kp-btn-primary\" data-kp-finish>Konfiguration anfragen<\/button>\n                        <div class=\"kp-finish-note\">MVP: Button \u00f6ffnet eine JSON-\u00dcbersicht (nur zur \u00dcbergabe an Warenkorb\/Anfrageformular).<\/div>\n                    <\/div>\n                <\/div>\n            <\/div>\n        <\/div>\n        \n\n\n\n<p><\/p>\n","protected":false},"excerpt":{"rendered":"","protected":false},"author":1,"featured_media":0,"parent":0,"menu_order":0,"comment_status":"closed","ping_status":"closed","template":"","meta":{"neve_meta_sidebar":"full-width","neve_meta_container":"full-width","neve_meta_enable_content_width":"","neve_meta_content_width":0,"neve_meta_title_alignment":"","neve_meta_author_avatar":"","neve_post_elements_order":"","neve_meta_disable_header":"","neve_meta_disable_footer":"","neve_meta_disable_title":"","footnotes":""},"class_list":["post-9","page","type-page","status-publish","hentry"],"_links":{"self":[{"href":"https:\/\/carport.daniel-mauer.de\/index.php?rest_route=\/wp\/v2\/pages\/9","targetHints":{"allow":["GET"]}}],"collection":[{"href":"https:\/\/carport.daniel-mauer.de\/index.php?rest_route=\/wp\/v2\/pages"}],"about":[{"href":"https:\/\/carport.daniel-mauer.de\/index.php?rest_route=\/wp\/v2\/types\/page"}],"author":[{"embeddable":true,"href":"https:\/\/carport.daniel-mauer.de\/index.php?rest_route=\/wp\/v2\/users\/1"}],"replies":[{"embeddable":true,"href":"https:\/\/carport.daniel-mauer.de\/index.php?rest_route=%2Fwp%2Fv2%2Fcomments&post=9"}],"version-history":[{"count":1,"href":"https:\/\/carport.daniel-mauer.de\/index.php?rest_route=\/wp\/v2\/pages\/9\/revisions"}],"predecessor-version":[{"id":11,"href":"https:\/\/carport.daniel-mauer.de\/index.php?rest_route=\/wp\/v2\/pages\/9\/revisions\/11"}],"wp:attachment":[{"href":"https:\/\/carport.daniel-mauer.de\/index.php?rest_route=%2Fwp%2Fv2%2Fmedia&parent=9"}],"curies":[{"name":"wp","href":"https:\/\/api.w.org\/{rel}","templated":true}]}}